{"id":108,"date":"2023-09-11T22:38:39","date_gmt":"2023-09-11T20:38:39","guid":{"rendered":"https:\/\/videobiz.com.ar\/?page_id=108"},"modified":"2024-06-21T23:30:24","modified_gmt":"2024-06-21T21:30:24","slug":"marketing-de-contenidos","status":"publish","type":"page","link":"https:\/\/videobiz.com.ar\/index.php\/marketing-de-contenidos\/","title":{"rendered":"Marketing de Contenidos"},"content":{"rendered":"\t\t<div data-elementor-type=\"wp-page\" data-elementor-id=\"108\" class=\"elementor elementor-108\">\n\t\t\t\t\t\t<section class=\"elementor-section elementor-top-section elementor-element elementor-element-14f98f5 elementor-section-boxed elementor-section-height-default elementor-section-height-default\" data-id=\"14f98f5\" data-element_type=\"section\" data-e-type=\"section\" data-settings=\"{&quot;background_background&quot;:&quot;video&quot;,&quot;background_video_link&quot;:&quot;https:\\\/\\\/videobiz.com.ar\\\/wp-content\\\/uploads\\\/2023\\\/09\\\/banner-concept.mp4&quot;,&quot;background_play_on_mobile&quot;:&quot;yes&quot;}\">\n\t\t\t\t\t\t\t\t<div class=\"elementor-background-video-container\">\n\t\t\t\t\t\t\t\t\t\t\t\t\t<video class=\"elementor-background-video-hosted\" role=\"presentation\" autoplay muted playsinline loop><\/video>\n\t\t\t\t\t\t\t\t\t\t\t<\/div>\n\t\t\t\t\t\t\t\t<div class=\"elementor-container elementor-column-gap-default\">\n\t\t\t\t\t<div class=\"elementor-column elementor-col-100 elementor-top-column elementor-element elementor-element-138e2d59\" data-id=\"138e2d59\" data-element_type=\"column\" data-e-type=\"column\">\n\t\t\t<div class=\"elementor-widget-wrap elementor-element-populated\">\n\t\t\t\t\t\t<div class=\"elementor-element elementor-element-38b040c6 elementor-widget elementor-widget-heading\" data-id=\"38b040c6\" data-element_type=\"widget\" data-e-type=\"widget\" data-widget_type=\"heading.default\">\n\t\t\t\t<div class=\"elementor-widget-container\">\n\t\t\t\t\t<h2 class=\"elementor-heading-title elementor-size-default\">Content Marketing<\/h2>\t\t\t\t<\/div>\n\t\t\t\t<\/div>\n\t\t\t\t\t<\/div>\n\t\t<\/div>\n\t\t\t\t\t<\/div>\n\t\t<\/section>\n\t\t\t\t<section class=\"elementor-section elementor-top-section elementor-element elementor-element-733c011b elementor-section-boxed elementor-section-height-default elementor-section-height-default\" data-id=\"733c011b\" data-element_type=\"section\" data-e-type=\"section\" data-settings=\"{&quot;background_background&quot;:&quot;classic&quot;}\">\n\t\t\t\t\t\t<div class=\"elementor-container elementor-column-gap-default\">\n\t\t\t\t\t<div class=\"elementor-column elementor-col-100 elementor-top-column elementor-element elementor-element-d2964cb\" data-id=\"d2964cb\" data-element_type=\"column\" data-e-type=\"column\">\n\t\t\t<div class=\"elementor-widget-wrap elementor-element-populated\">\n\t\t\t\t\t\t<div class=\"elementor-element elementor-element-1540b8a3 elementor-widget-divider--view-line elementor-widget elementor-widget-divider\" data-id=\"1540b8a3\" data-element_type=\"widget\" data-e-type=\"widget\" data-widget_type=\"divider.default\">\n\t\t\t\t<div class=\"elementor-widget-container\">\n\t\t\t\t\t\t\t<div class=\"elementor-divider\">\n\t\t\t<span class=\"elementor-divider-separator\">\n\t\t\t\t\t\t<\/span>\n\t\t<\/div>\n\t\t\t\t\t\t<\/div>\n\t\t\t\t<\/div>\n\t\t\t\t<div class=\"elementor-element elementor-element-5869bc2b elementor-widget__width-initial elementor-widget elementor-widget-text-editor\" data-id=\"5869bc2b\" data-element_type=\"widget\" data-e-type=\"widget\" data-widget_type=\"text-editor.default\">\n\t\t\t\t<div class=\"elementor-widget-container\">\n\t\t\t\t\t\t\t\t\t<h2 style=\"text-align: center;\"><span style=\"color: #003300;\"><strong><span style=\"font-family: 'Roboto Condensed', sans-serif; font-size: 48px; letter-spacing: 0.9px;\">\u00a1CUANDO LA IMAGEN REFLEJA SU EXPERIENCIA!<\/span><\/strong><\/span><\/h2><article class=\"content aos-init aos-animate\" data-aos=\"fade-right\"><p style=\"color: #233452; letter-spacing: 0.9px; text-align: left;\"><span style=\"color: #000000;\">El v\u00eddeo ha revolucionado la forma en que consumimos contenido, pues nos brinda informaci\u00f3n de una forma mucho m\u00e1s interactiva, visual y entretenida. Por este motivo el video marketing logra que cualquier tipo de informaci\u00f3n sea mucho m\u00e1s digerible para el usuario.<\/span><\/p><p><span style=\"letter-spacing: 0.9px; text-align: center;\">Se trata de contar historias, lo que convierte al video marketing en un m\u00e9todo efectivo de persuasi\u00f3n, haciendo m\u00e1s emocional y por ende efectiva una acci\u00f3n de promoci\u00f3n o publicidad.\u00a0<\/span><\/p><p><strong>Videobiz<\/strong>\u00a0le ofrece m\u00e1s que un simple video.\u00a0Somos\u00a0<strong>profesionales de la imagen<\/strong>\u00a0que ofrecemos nuestra experiencia al servicio de su proyecto.\u00a0Por todo lo comentado. realizamos contenidos en diferentes formatos para llegar a su target &#8220;directo al coraz\u00f3n&#8221;.<\/p><h2><span style=\"color: #008000;\">Videobiz: v\u00eddeos para cada una de sus redes<\/span><\/h2><p>Nunca lo olvide, el contenido es el rey.\u00a0Por lo tanto, debe ser tratado con respeto.\u00a0Si la redacci\u00f3n ya es un recurso importante,\u00a0<strong>el marketing visual impresiona<\/strong>, siempre que se haga con cuidado.<\/p><p>Un soporte de video le confiere\u00a0<strong>muchas ventajas<\/strong>\u00a0para su actividad.\u00a0Ya sea que lo distribuya en tu web, dentro de su empresa o en sus redes sociales, este ser\u00e1 garant\u00eda de seriedad.<\/p><h5>Entre las ventajas:<\/h5><ol><li><strong>Posicin\u00e1ndose:<\/strong><br \/>Google tiene en cuenta el contenido de sus v\u00eddeos.\u00a0Es por esto que es imperativo realizarlos respetando las reglas del arte.\u00a0Un producto final de calidad le permitir\u00e1 captar la atenci\u00f3n de los internautas para convertirlos en futuros clientes.<\/li><li><strong>Una personalidad marcada:<\/strong><br \/>Internet es el sal\u00f3n m\u00e1s grande del mundo. Si quiere vender u ofrecer un servicio, debe tener una buena presencia o tienda en la web.\u00a0Ya sea en las redes sociales y\/o en un sitio, es fundamental ser visto e identificado.\u00a0Entonces podr\u00e1 establecer a\u00fan m\u00e1s su marca en el coraz\u00f3n de un mercado competitivo.<\/li><li><strong>Encuentre su nicho:<\/strong><br \/><em>\u201cHay 20 competidores en mi \u00e1rea.\u00a0No hay<\/em>\u00a0problema, resalta tus cualidades.\u00a0Muestre al mundo su artesan\u00eda.\u00a0La imagen marca los esp\u00edritus y despierta la envidia.<\/li><li><strong>El medio adecuado:<\/strong><br \/>Hoy en d\u00eda, todo el mundo utiliza su tel\u00e9fono inteligente para sus b\u00fasquedas en Internet.\u00a0Un\u00a0<a href=\"https:\/\/www.videobiz.be\/fr\/videos\">video<\/a>\u00a0es mejor que un texto largo.\u00a0Los medios son inteligentes y la reproducci\u00f3n es r\u00e1pida.\u00a0Para compartir tambi\u00e9n, es m\u00e1s f\u00e1cil.<\/li><li><strong>La imagen y\u2026 el sonido:<\/strong><br \/>alisado brasile\u00f1o, cuadrado, color,\u2026 Son palabras.\u00a0Pero el resultado en v\u00eddeo marcar\u00e1 m\u00e1s los \u00e1nimos.\u00a0\u00a1Pon tus cualidades al frente y en la m\u00fasica!<\/li><\/ol><h2>Un concepto y decenas de posibilidades<\/h2><p>Nuestros equipos te ayudar\u00e1n a desarrollar<strong>\u00a0videos corporativos y spots para redes sociales<\/strong>.<\/p><p>Hablamos de formatos estudiados para llegar a su target y resaltar sus cualidades.<\/p><p><strong><a href=\"https:\/\/www.videobiz.be\/fr\/videobiz-contact\">\u00a1Cont\u00e1ctenos<\/a><\/strong>\u00a0y destaque su negocio, servicio o emprendimiento!<\/p><\/article>\t\t\t\t\t\t\t\t<\/div>\n\t\t\t\t<\/div>\n\t\t\t\t<div class=\"elementor-element elementor-element-25ee6639 elementor-widget elementor-widget-spacer\" data-id=\"25ee6639\" data-element_type=\"widget\" data-e-type=\"widget\" data-widget_type=\"spacer.default\">\n\t\t\t\t<div class=\"elementor-widget-container\">\n\t\t\t\t\t\t\t<div class=\"elementor-spacer\">\n\t\t\t<div class=\"elementor-spacer-inner\"><\/div>\n\t\t<\/div>\n\t\t\t\t\t\t<\/div>\n\t\t\t\t<\/div>\n\t\t\t\t<div class=\"elementor-element elementor-element-5f146ed2 elementor-widget elementor-widget-menu-anchor\" data-id=\"5f146ed2\" data-element_type=\"widget\" data-e-type=\"widget\" data-widget_type=\"menu-anchor.default\">\n\t\t\t\t<div class=\"elementor-widget-container\">\n\t\t\t\t\t\t\t<div class=\"elementor-menu-anchor\" id=\"contact_form\"><\/div>\n\t\t\t\t\t\t<\/div>\n\t\t\t\t<\/div>\n\t\t\t\t\t<\/div>\n\t\t<\/div>\n\t\t\t\t\t<\/div>\n\t\t<\/section>\n\t\t\t\t<section class=\"elementor-section elementor-top-section elementor-element elementor-element-889b115 elementor-section-boxed elementor-section-height-default elementor-section-height-default\" data-id=\"889b115\" data-element_type=\"section\" data-e-type=\"section\">\n\t\t\t\t\t\t\t<div class=\"elementor-background-overlay\"><\/div>\n\t\t\t\t\t\t\t<div class=\"elementor-container elementor-column-gap-default\">\n\t\t\t\t\t<div class=\"elementor-column elementor-col-50 elementor-top-column elementor-element elementor-element-c3629b0\" data-id=\"c3629b0\" data-element_type=\"column\" data-e-type=\"column\">\n\t\t\t<div class=\"elementor-widget-wrap elementor-element-populated\">\n\t\t\t\t\t\t<div class=\"elementor-element elementor-element-e681735 elementor-widget-divider--view-line elementor-widget elementor-widget-divider\" data-id=\"e681735\" data-element_type=\"widget\" data-e-type=\"widget\" data-widget_type=\"divider.default\">\n\t\t\t\t<div class=\"elementor-widget-container\">\n\t\t\t\t\t\t\t<div class=\"elementor-divider\">\n\t\t\t<span class=\"elementor-divider-separator\">\n\t\t\t\t\t\t<\/span>\n\t\t<\/div>\n\t\t\t\t\t\t<\/div>\n\t\t\t\t<\/div>\n\t\t\t\t<div class=\"elementor-element elementor-element-5c89e0f elementor-align-center phn-button elementor-widget elementor-widget-button\" data-id=\"5c89e0f\" data-element_type=\"widget\" data-e-type=\"widget\" data-widget_type=\"button.default\">\n\t\t\t\t<div class=\"elementor-widget-container\">\n\t\t\t\t\t\t\t\t\t<div class=\"elementor-button-wrapper\">\n\t\t\t\t\t<a class=\"elementor-button elementor-button-link elementor-size-sm\" href=\"https:\/\/api.whatsapp.com\/send?phone=5491134751148\">\n\t\t\t\t\t\t<span class=\"elementor-button-content-wrapper\">\n\t\t\t\t\t\t<span class=\"elementor-button-icon\">\n\t\t\t\t<i aria-hidden=\"true\" class=\"fas fa-phone-volume\"><\/i>\t\t\t<\/span>\n\t\t\t\t\t\t\t\t\t<span class=\"elementor-button-text\">WHATSAPP<\/span>\n\t\t\t\t\t<\/span>\n\t\t\t\t\t<\/a>\n\t\t\t\t<\/div>\n\t\t\t\t\t\t\t\t<\/div>\n\t\t\t\t<\/div>\n\t\t\t\t\t<\/div>\n\t\t<\/div>\n\t\t\t\t<div class=\"elementor-column elementor-col-50 elementor-top-column elementor-element elementor-element-d5bc1ad\" data-id=\"d5bc1ad\" data-element_type=\"column\" data-e-type=\"column\">\n\t\t\t<div class=\"elementor-widget-wrap elementor-element-populated\">\n\t\t\t\t\t\t<div class=\"elementor-element elementor-element-21cd535 elementor-widget-divider--view-line elementor-widget elementor-widget-divider\" data-id=\"21cd535\" data-element_type=\"widget\" data-e-type=\"widget\" data-widget_type=\"divider.default\">\n\t\t\t\t<div class=\"elementor-widget-container\">\n\t\t\t\t\t\t\t<div class=\"elementor-divider\">\n\t\t\t<span class=\"elementor-divider-separator\">\n\t\t\t\t\t\t<\/span>\n\t\t<\/div>\n\t\t\t\t\t\t<\/div>\n\t\t\t\t<\/div>\n\t\t\t\t<div class=\"elementor-element elementor-element-0bf2cff elementor-align-center phn-button elementor-widget elementor-widget-button\" data-id=\"0bf2cff\" data-element_type=\"widget\" data-e-type=\"widget\" data-widget_type=\"button.default\">\n\t\t\t\t<div class=\"elementor-widget-container\">\n\t\t\t\t\t\t\t\t\t<div class=\"elementor-button-wrapper\">\n\t\t\t\t\t<a class=\"elementor-button elementor-button-link elementor-size-sm\" href=\"mailto:consultas@videobiz.com.ar\">\n\t\t\t\t\t\t<span class=\"elementor-button-content-wrapper\">\n\t\t\t\t\t\t<span class=\"elementor-button-icon\">\n\t\t\t\t<i aria-hidden=\"true\" class=\"fas fa-mail-bulk\"><\/i>\t\t\t<\/span>\n\t\t\t\t\t\t\t\t\t<span class=\"elementor-button-text\">EMAIL<\/span>\n\t\t\t\t\t<\/span>\n\t\t\t\t\t<\/a>\n\t\t\t\t<\/div>\n\t\t\t\t\t\t\t\t<\/div>\n\t\t\t\t<\/div>\n\t\t\t\t\t<\/div>\n\t\t<\/div>\n\t\t\t\t\t<\/div>\n\t\t<\/section>\n\t\t\t\t<\/div>\n\t\t","protected":false},"excerpt":{"rendered":"<p>Content Marketing \u00a1CUANDO LA IMAGEN REFLEJA SU EXPERIENCIA! El v\u00eddeo ha revolucionado la forma en que consumimos contenido, pues nos brinda informaci\u00f3n [&hellip;]<\/p>\n","protected":false},"author":1,"featured_media":0,"parent":0,"menu_order":0,"comment_status":"closed","ping_status":"closed","template":"","meta":{"footnotes":""},"class_list":["post-108","page","type-page","status-publish","hentry"],"_links":{"self":[{"href":"https:\/\/videobiz.com.ar\/index.php\/wp-json\/wp\/v2\/pages\/108","targetHints":{"allow":["GET"]}}],"collection":[{"href":"https:\/\/videobiz.com.ar\/index.php\/wp-json\/wp\/v2\/pages"}],"about":[{"href":"https:\/\/videobiz.com.ar\/index.php\/wp-json\/wp\/v2\/types\/page"}],"author":[{"embeddable":true,"href":"https:\/\/videobiz.com.ar\/index.php\/wp-json\/wp\/v2\/users\/1"}],"replies":[{"embeddable":true,"href":"https:\/\/videobiz.com.ar\/index.php\/wp-json\/wp\/v2\/comments?post=108"}],"version-history":[{"count":24,"href":"https:\/\/videobiz.com.ar\/index.php\/wp-json\/wp\/v2\/pages\/108\/revisions"}],"predecessor-version":[{"id":251,"href":"https:\/\/videobiz.com.ar\/index.php\/wp-json\/wp\/v2\/pages\/108\/revisions\/251"}],"wp:attachment":[{"href":"https:\/\/videobiz.com.ar\/index.php\/wp-json\/wp\/v2\/media?parent=108"}],"curies":[{"name":"wp","href":"https:\/\/api.w.org\/{rel}","templated":true}]}}