{"id":97,"date":"2023-09-11T22:36:44","date_gmt":"2023-09-11T20:36:44","guid":{"rendered":"https:\/\/videobiz.com.ar\/?page_id=97"},"modified":"2024-06-21T23:27:35","modified_gmt":"2024-06-21T21:27:35","slug":"produccion-creativa-y-guion","status":"publish","type":"page","link":"https:\/\/videobiz.com.ar\/index.php\/produccion-creativa-y-guion\/","title":{"rendered":"Produccion creativa y guion"},"content":{"rendered":"\t\t<div data-elementor-type=\"wp-page\" data-elementor-id=\"97\" class=\"elementor elementor-97\">\n\t\t\t\t\t\t<section class=\"elementor-section elementor-top-section elementor-element elementor-element-2c8855a8 elementor-section-full_width elementor-section-stretched elementor-section-height-default elementor-section-height-default\" data-id=\"2c8855a8\" data-element_type=\"section\" data-e-type=\"section\" data-settings=\"{&quot;background_background&quot;:&quot;video&quot;,&quot;background_video_link&quot;:&quot;https:\\\/\\\/videobiz.com.ar\\\/wp-content\\\/uploads\\\/2023\\\/09\\\/banner-temoignages.mp4&quot;,&quot;background_play_on_mobile&quot;:&quot;yes&quot;,&quot;stretch_section&quot;:&quot;section-stretched&quot;}\">\n\t\t\t\t\t\t\t\t<div class=\"elementor-background-video-container\">\n\t\t\t\t\t\t\t\t\t\t\t\t\t<video class=\"elementor-background-video-hosted\" role=\"presentation\" autoplay muted playsinline loop><\/video>\n\t\t\t\t\t\t\t\t\t\t\t<\/div>\n\t\t\t\t\t\t\t\t<div class=\"elementor-container elementor-column-gap-no\">\n\t\t\t\t\t<div class=\"elementor-column elementor-col-100 elementor-top-column elementor-element elementor-element-61c4fe6a\" data-id=\"61c4fe6a\" data-element_type=\"column\" data-e-type=\"column\">\n\t\t\t<div class=\"elementor-widget-wrap elementor-element-populated\">\n\t\t\t\t\t\t<div class=\"elementor-element elementor-element-7e1d172e elementor-widget elementor-widget-heading\" data-id=\"7e1d172e\" data-element_type=\"widget\" data-e-type=\"widget\" data-widget_type=\"heading.default\">\n\t\t\t\t<div class=\"elementor-widget-container\">\n\t\t\t\t\t<h2 class=\"elementor-heading-title elementor-size-default\">Producci\u00f3n Creativa y Gui\u00f3n de Contenidos<\/h2>\t\t\t\t<\/div>\n\t\t\t\t<\/div>\n\t\t\t\t\t<\/div>\n\t\t<\/div>\n\t\t\t\t\t<\/div>\n\t\t<\/section>\n\t\t\t\t<section class=\"elementor-section elementor-top-section elementor-element elementor-element-5301243d elementor-section-boxed elementor-section-height-default elementor-section-height-default\" data-id=\"5301243d\" data-element_type=\"section\" data-e-type=\"section\" data-settings=\"{&quot;background_background&quot;:&quot;classic&quot;}\">\n\t\t\t\t\t\t<div class=\"elementor-container elementor-column-gap-default\">\n\t\t\t\t\t<div class=\"elementor-column elementor-col-100 elementor-top-column elementor-element elementor-element-36c21920\" data-id=\"36c21920\" data-element_type=\"column\" data-e-type=\"column\">\n\t\t\t<div class=\"elementor-widget-wrap elementor-element-populated\">\n\t\t\t\t\t\t<div class=\"elementor-element elementor-element-3aa88022 elementor-widget-divider--view-line elementor-widget elementor-widget-divider\" data-id=\"3aa88022\" data-element_type=\"widget\" data-e-type=\"widget\" data-widget_type=\"divider.default\">\n\t\t\t\t<div class=\"elementor-widget-container\">\n\t\t\t\t\t\t\t<div class=\"elementor-divider\">\n\t\t\t<span class=\"elementor-divider-separator\">\n\t\t\t\t\t\t<\/span>\n\t\t<\/div>\n\t\t\t\t\t\t<\/div>\n\t\t\t\t<\/div>\n\t\t\t\t<div class=\"elementor-element elementor-element-355adfb0 elementor-widget__width-initial elementor-widget elementor-widget-text-editor\" data-id=\"355adfb0\" data-element_type=\"widget\" data-e-type=\"widget\" data-widget_type=\"text-editor.default\">\n\t\t\t\t<div class=\"elementor-widget-container\">\n\t\t\t\t\t\t\t\t\t<h2 style=\"text-align: center;\"><span style=\"color: #003300;\"><strong><span style=\"font-family: 'Roboto Condensed', sans-serif; font-size: 48px; letter-spacing: 0.9px;\">\u00a1POTENCIANDO SU MENSAJE CON ORIGINALIDAD Y EFECTIVIDAD!<\/span><\/strong><\/span><\/h2>\n<article class=\"content aos-init aos-animate\" data-aos=\"fade-right\">\n<p style=\"color: #233452; letter-spacing: 0.9px; text-align: left;\">En el din\u00e1mico mundo del marketing digital, la producci\u00f3n creativa y el guion de videos se han convertido en elementos clave para destacar entre la competencia y captar la atenci\u00f3n de la audiencia. En Videobiz, entendemos el valor de la originalidad y nos especializamos en brindar servicios de edici\u00f3n y producci\u00f3n de videos creativos y bien guionados, dise\u00f1ados para satisfacer las necesidades espec\u00edficas de empresas, negocios y emprendimientos de todo tipo. Perm\u00edtanos ayudarle a potenciar su mensaje y cautivar a su audiencia de manera \u00fanica.<\/p>\n<h2><span style=\"color: #008000;\">VideoBIZ:&nbsp;Pasos clave para una exitosa producci\u00f3n de video contenidos.<\/span><\/h2>\n<p>Existen diversas clases de envergadura de proyectos. Algunos son m\u00e1s complejos y requieren mucho mayor trabajo y complejidad que otros pero sea cu\u00e1l sea el mismo cuando hablamos de su etapa creativa, debe crearse a conciencia de que es lo que estamos diciendo, a qui\u00e9n se lo decimos, para que y por cu\u00e1l medio. Para trabajar en forma efectiva, nosotros definimos un protocolo de acci\u00f3n que nos otorga las herramientas necesarias para poder ofrecerle un producto de \u00e9xito. El detalle b\u00e1sico de los pasos a seguir para lograrlo son los siguientes:<\/p>\n<ol>\n<li>\n<p>An\u00e1lisis y comprensi\u00f3n: En esta etapa inicial, nos sumergimos en su negocio para comprender a fondo sus objetivos, identidad de marca y p\u00fablico objetivo. Realizamos una investigaci\u00f3n exhaustiva para conocer las tendencias del mercado, los competidores y las mejores pr\u00e1cticas del sector. Esta comprensi\u00f3n profunda nos permite desarrollar una estrategia creativa \u00fanica para su comunicaci\u00f3n en video.<\/p>\n<\/li>\n<li>\n<p>Idea y conceptualizaci\u00f3n: Basados en los insights obtenidos, nuestro equipo de expertos en marketing digital y creativos generan ideas innovadoras y originales para su video. Creamos conceptos que resuenen con su audiencia y destaquen su mensaje de manera original y memorable.<\/p>\n<\/li>\n<li>\n<p>Desarrollo del guion: Una vez que hemos seleccionado el concepto creativo, trabajamos en la elaboraci\u00f3n del guion. Dise\u00f1amos una narrativa efectiva y estructurada que transmita su mensaje central de manera convincente. Nos aseguramos de que el guion se alinee con su tono de voz, valores de marca y objetivos estrat\u00e9gicos.<\/p>\n<\/li>\n<li>\n<p>Preproducci\u00f3n: En esta fase, planificamos meticulosamente todos los aspectos t\u00e9cnicos y log\u00edsticos de la producci\u00f3n del video. Esto incluye la selecci\u00f3n del equipo y equipamiento de producci\u00f3n, la b\u00fasqueda de locaciones, la b\u00fasqueda y\/o contrataci\u00f3n de talento y la obtenci\u00f3n de los recursos necesarios. Nos aseguramos de que cada detalle est\u00e9 en su lugar antes de iniciar la grabaci\u00f3n.<\/p>\n<\/li>\n<li>\n<p>Producci\u00f3n visual y sonora: Una vez aprobado el guion, pasamos a la etapa de producci\u00f3n, donde nuestro talentoso equipo de producci\u00f3n trabaja en la creaci\u00f3n de im\u00e1genes y sonidos cautivadores. Utilizamos equipos y tecnolog\u00eda de vanguardia para garantizar una calidad excepcional en cada aspecto visual y sonoro de tu video, alineado a las necesidades y recursos disponibles.<\/p>\n<\/li>\n<li>\n<p>Edici\u00f3n y postproducci\u00f3n: Aqu\u00ed es donde realmente cobra vida tu video. Nuestros expertos en edici\u00f3n utilizan herramientas avanzadas para seleccionar las tomas m\u00e1s impactantes, a\u00f1adir efectos visuales, mejorar el sonido y pulir cada detalle. Nos aseguramos de que el ritmo, la m\u00fasica y los gr\u00e1ficos est\u00e9n perfectamente integrados para crear una experiencia audiovisual cautivadora.<\/p>\n<\/li>\n<\/ol>\n<div>&nbsp;<\/div>\n<h2>Ventajas del buen uso de la producci\u00f3n creativa y guion de videos<\/h2>\n<ol>\n<li>\n<p>Impacto y memorabilidad: Una producci\u00f3n creativa y un guion s\u00f3lido generan un mayor impacto en su audiencia. La combinaci\u00f3n de elementos visuales cautivadores y una narrativa emocionalmente convincente hace que su video sea memorable, aumentando las posibilidades de que el mensaje se difunda y se recuerde.<\/p>\n<\/li>\n<\/ol>\n<ol start=\"2\">\n<li>\n<p>Conexi\u00f3n emocional: Un guion bien desarrollado tiene el poder de establecer una conexi\u00f3n emocional con su audiencia. Al transmitir historias aut\u00e9nticas y relevantes, puedes generar empat\u00eda, despertar emociones y lograr que su mensaje perdure en la mente de sus espectadores. Esta conexi\u00f3n emocional fortalece la relaci\u00f3n entre su marca y su audiencia, generando confianza y fidelidad.<\/p>\n<\/li>\n<li>\n<p>Diferenciaci\u00f3n y posicionamiento: En un entorno digital saturado de contenido, la producci\u00f3n creativa y un guion bien elaborado le ayudar\u00e1n a diferenciarte de sus competidores. Al contar historias \u00fanicas y originales, podr\u00e1 destacar su propuesta de valor y establecer una posici\u00f3n s\u00f3lida en el mercado. Esto le permitir\u00e1 captar la atenci\u00f3n de su p\u00fablico objetivo y ser reconocido como un referente en su industria.<\/p>\n<\/li>\n<li>\n<p>Mejor alcance y viralidad: Los videos creativos y con guiones impactantes tienen m\u00e1s posibilidades de volverse virales en las redes sociales y otros canales digitales. Al despertar el inter\u00e9s y la emoci\u00f3n de los espectadores, aumenta las probabilidades de que compartan su video con su red de contactos, lo que amplifica el alcance de su mensaje y le permite llegar a nuevas audiencias de manera org\u00e1nica.<\/p>\n<\/li>\n<li>\n<p>Mayor engagement y conversi\u00f3n: Una producci\u00f3n creativa y un guion efectivo no solo capturan la atenci\u00f3n de la audiencia, sino que tambi\u00e9n generan un mayor nivel de interacci\u00f3n. Los videos que logran emocionar, entretener o educar a los espectadores tienden a generar m\u00e1s comentarios, likes y ser m\u00e1s compartidos. Esto se traduce en un mayor engagement con su marca y, a su vez, en un aumento en las tasas de conversi\u00f3n y ventas.<\/p>\n<\/li>\n<\/ol>\n<p>En Videobiz, nos enorgullece ofrecer servicios de edici\u00f3n y producci\u00f3n de videos que combinan una producci\u00f3n creativa de alta calidad con guiones persuasivos y cautivadores. Nuestro equipo de expertos se dedica a brindar soluciones personalizadas para cada necesidad, adapt\u00e1ndonos a la identidad y objetivos de su negocio. Conf\u00ede en nosotros para llevar su estrategia de video marketing al siguiente nivel.<\/p>\n<p><\/p>\n<p><strong><a href=\"https:\/\/www.videobiz.be\/fr\/videobiz-contact\">\u00a1Cont\u00e1ctenos<\/a><\/strong>&nbsp;y destaque su negocio, servicio o emprendimientos.<\/p>\n<\/article>\t\t\t\t\t\t\t\t<\/div>\n\t\t\t\t<\/div>\n\t\t\t\t<div class=\"elementor-element elementor-element-4b764d05 elementor-widget elementor-widget-spacer\" data-id=\"4b764d05\" data-element_type=\"widget\" data-e-type=\"widget\" data-widget_type=\"spacer.default\">\n\t\t\t\t<div class=\"elementor-widget-container\">\n\t\t\t\t\t\t\t<div class=\"elementor-spacer\">\n\t\t\t<div class=\"elementor-spacer-inner\"><\/div>\n\t\t<\/div>\n\t\t\t\t\t\t<\/div>\n\t\t\t\t<\/div>\n\t\t\t\t<div class=\"elementor-element elementor-element-4f25e33b elementor-widget elementor-widget-menu-anchor\" data-id=\"4f25e33b\" data-element_type=\"widget\" data-e-type=\"widget\" data-widget_type=\"menu-anchor.default\">\n\t\t\t\t<div class=\"elementor-widget-container\">\n\t\t\t\t\t\t\t<div class=\"elementor-menu-anchor\" id=\"contact_form\"><\/div>\n\t\t\t\t\t\t<\/div>\n\t\t\t\t<\/div>\n\t\t\t\t\t<\/div>\n\t\t<\/div>\n\t\t\t\t\t<\/div>\n\t\t<\/section>\n\t\t\t\t<section class=\"elementor-section elementor-top-section elementor-element elementor-element-41f92b2 elementor-section-boxed elementor-section-height-default elementor-section-height-default\" data-id=\"41f92b2\" data-element_type=\"section\" data-e-type=\"section\">\n\t\t\t\t\t\t\t<div class=\"elementor-background-overlay\"><\/div>\n\t\t\t\t\t\t\t<div class=\"elementor-container elementor-column-gap-default\">\n\t\t\t\t\t<div class=\"elementor-column elementor-col-50 elementor-top-column elementor-element elementor-element-bddd9bc\" data-id=\"bddd9bc\" data-element_type=\"column\" data-e-type=\"column\">\n\t\t\t<div class=\"elementor-widget-wrap elementor-element-populated\">\n\t\t\t\t\t\t<div class=\"elementor-element elementor-element-f0e8581 elementor-widget-divider--view-line elementor-widget elementor-widget-divider\" data-id=\"f0e8581\" data-element_type=\"widget\" data-e-type=\"widget\" data-widget_type=\"divider.default\">\n\t\t\t\t<div class=\"elementor-widget-container\">\n\t\t\t\t\t\t\t<div class=\"elementor-divider\">\n\t\t\t<span class=\"elementor-divider-separator\">\n\t\t\t\t\t\t<\/span>\n\t\t<\/div>\n\t\t\t\t\t\t<\/div>\n\t\t\t\t<\/div>\n\t\t\t\t<div class=\"elementor-element elementor-element-d42a033 elementor-align-center phn-button elementor-widget elementor-widget-button\" data-id=\"d42a033\" data-element_type=\"widget\" data-e-type=\"widget\" data-widget_type=\"button.default\">\n\t\t\t\t<div class=\"elementor-widget-container\">\n\t\t\t\t\t\t\t\t\t<div class=\"elementor-button-wrapper\">\n\t\t\t\t\t<a class=\"elementor-button elementor-button-link elementor-size-sm\" href=\"https:\/\/api.whatsapp.com\/send?phone=5491134751148\">\n\t\t\t\t\t\t<span class=\"elementor-button-content-wrapper\">\n\t\t\t\t\t\t<span class=\"elementor-button-icon\">\n\t\t\t\t<i aria-hidden=\"true\" class=\"fas fa-phone-volume\"><\/i>\t\t\t<\/span>\n\t\t\t\t\t\t\t\t\t<span class=\"elementor-button-text\">WHATSAPP<\/span>\n\t\t\t\t\t<\/span>\n\t\t\t\t\t<\/a>\n\t\t\t\t<\/div>\n\t\t\t\t\t\t\t\t<\/div>\n\t\t\t\t<\/div>\n\t\t\t\t\t<\/div>\n\t\t<\/div>\n\t\t\t\t<div class=\"elementor-column elementor-col-50 elementor-top-column elementor-element elementor-element-1f08a67\" data-id=\"1f08a67\" data-element_type=\"column\" data-e-type=\"column\">\n\t\t\t<div class=\"elementor-widget-wrap elementor-element-populated\">\n\t\t\t\t\t\t<div class=\"elementor-element elementor-element-0589699 elementor-widget-divider--view-line elementor-widget elementor-widget-divider\" data-id=\"0589699\" data-element_type=\"widget\" data-e-type=\"widget\" data-widget_type=\"divider.default\">\n\t\t\t\t<div class=\"elementor-widget-container\">\n\t\t\t\t\t\t\t<div class=\"elementor-divider\">\n\t\t\t<span class=\"elementor-divider-separator\">\n\t\t\t\t\t\t<\/span>\n\t\t<\/div>\n\t\t\t\t\t\t<\/div>\n\t\t\t\t<\/div>\n\t\t\t\t<div class=\"elementor-element elementor-element-9de5030 elementor-align-center phn-button elementor-widget elementor-widget-button\" data-id=\"9de5030\" data-element_type=\"widget\" data-e-type=\"widget\" data-widget_type=\"button.default\">\n\t\t\t\t<div class=\"elementor-widget-container\">\n\t\t\t\t\t\t\t\t\t<div class=\"elementor-button-wrapper\">\n\t\t\t\t\t<a class=\"elementor-button elementor-button-link elementor-size-sm\" href=\"mailto:consultas@videobiz.com.ar\">\n\t\t\t\t\t\t<span class=\"elementor-button-content-wrapper\">\n\t\t\t\t\t\t<span class=\"elementor-button-icon\">\n\t\t\t\t<i aria-hidden=\"true\" class=\"fas fa-mail-bulk\"><\/i>\t\t\t<\/span>\n\t\t\t\t\t\t\t\t\t<span class=\"elementor-button-text\">EMAIL<\/span>\n\t\t\t\t\t<\/span>\n\t\t\t\t\t<\/a>\n\t\t\t\t<\/div>\n\t\t\t\t\t\t\t\t<\/div>\n\t\t\t\t<\/div>\n\t\t\t\t\t<\/div>\n\t\t<\/div>\n\t\t\t\t\t<\/div>\n\t\t<\/section>\n\t\t\t\t<\/div>\n\t\t","protected":false},"excerpt":{"rendered":"<p>Producci\u00f3n Creativa y Gui\u00f3n de Contenidos \u00a1POTENCIANDO SU MENSAJE CON ORIGINALIDAD Y EFECTIVIDAD! En el din\u00e1mico mundo del marketing digital, la producci\u00f3n [&hellip;]<\/p>\n","protected":false},"author":1,"featured_media":0,"parent":0,"menu_order":0,"comment_status":"closed","ping_status":"closed","template":"","meta":{"footnotes":""},"class_list":["post-97","page","type-page","status-publish","hentry"],"_links":{"self":[{"href":"https:\/\/videobiz.com.ar\/index.php\/wp-json\/wp\/v2\/pages\/97","targetHints":{"allow":["GET"]}}],"collection":[{"href":"https:\/\/videobiz.com.ar\/index.php\/wp-json\/wp\/v2\/pages"}],"about":[{"href":"https:\/\/videobiz.com.ar\/index.php\/wp-json\/wp\/v2\/types\/page"}],"author":[{"embeddable":true,"href":"https:\/\/videobiz.com.ar\/index.php\/wp-json\/wp\/v2\/users\/1"}],"replies":[{"embeddable":true,"href":"https:\/\/videobiz.com.ar\/index.php\/wp-json\/wp\/v2\/comments?post=97"}],"version-history":[{"count":36,"href":"https:\/\/videobiz.com.ar\/index.php\/wp-json\/wp\/v2\/pages\/97\/revisions"}],"predecessor-version":[{"id":247,"href":"https:\/\/videobiz.com.ar\/index.php\/wp-json\/wp\/v2\/pages\/97\/revisions\/247"}],"wp:attachment":[{"href":"https:\/\/videobiz.com.ar\/index.php\/wp-json\/wp\/v2\/media?parent=97"}],"curies":[{"name":"wp","href":"https:\/\/api.w.org\/{rel}","templated":true}]}}